{"id":3,"date":"2019-11-20T12:55:39","date_gmt":"2019-11-20T11:55:39","guid":{"rendered":"https:\/\/klimaangepasst.de\/?page_id=3"},"modified":"2020-01-08T15:51:06","modified_gmt":"2020-01-08T14:51:06","slug":"datenschutzerklaerung","status":"publish","type":"page","link":"https:\/\/klimaangepasst.de\/en\/datenschutzerklaerung\/","title":{"rendered":"Datenschutzerkl\u00e4rung"},"content":{"rendered":"<h2 class=\"wp-block-heading\"><\/h2>\r\n<p class=\"p1\">Der Verein zur F\u00f6rderung des Deutschen Evangelischen Kirchentages e.V., Magdeburger Str. 59, 36037 Fulda, legt gro\u00dfen Wert auf den Datenschutz und m\u00f6chte kontinuierlich sicherstellen, dass Ihre Privatsph\u00e4re bei der Nutzung unserer Internetpr\u00e4senz sowie etwaiger Leistungen stets beachtet werden. Mit der Datenerhebung wird regelm\u00e4\u00dfig der jeweilige Durchf\u00fchrungsverein vor Ort des Kirchentages (z.Zt. der 37. Deutsche Evangelische Kirchentag Dortmund 2019 e.V.) per Auftragsdatenverarbeitungsvertrag betraut.<\/p>\r\n<p class=\"p1\">Im Folgenden erl\u00e4utern wir, welche Informationen wir w\u00e4hrend Ihres Besuches auf unserer Internetpr\u00e4senz erfassen und wie diese genutzt werden.<\/p>\r\n<p class=\"p1\">Name und Anschrift des f\u00fcr die Verarbeitung Zust\u00e4ndigen<\/p>\r\n<p class=\"p1\">Bei allen Fragen hinsichtlich der Erhebung und Verarbeitung sowie der Nutzung Ihrer personenbezogenen Daten oder Ausk\u00fcnfte, Berichtigungen, die Sperrung oder L\u00f6schung von Daten, sowie des Widerrufs der Einwilligung wenden Sie sich bitte an:<\/p>\r\n<p class=\"p1\">Verein zur F\u00f6rderung des Deutschen Evangelischen Kirchentages<br \/>Magdeburger Str. 59<br \/>36037 Fulda<\/p>\r\n<p class=\"p1\"><strong>Kontakt zu den Datenschutzbeauftragten<\/strong><\/p>\r\n<p class=\"p1\">Die Datenschutzbeauftragten des Deutschen Evangelischen Kirchentages erreichen Sie unter:<\/p>\r\n<p class=\"p1\">Verein zur F\u00f6rderung des Deutschen Evangelischen Kirchentages<br \/>Magdeburger Str. 59<br \/>36037 Fulda<br \/>Tel.: +49 (0661) 96950-0<br \/>E-Mail: datenschutz \u00e4tt kirchentag punkt de<\/p>\r\n<p class=\"p2\">37. Deutscher Evangelischer Kirchentag\u00a0Dortmund 2019 e.V.<br \/><span class=\"s1\">c.\/o.<\/span> 3. \u00d6kumenischer Kirchentag Frankfurt 2021 e. V.<br \/>Danziger Platz 12<br \/>60314 Frankfurt am Main<br \/>Tel.: +49 (069) 24 74 24-0<br \/>E-Mail: datenschutz \u00e4tt kirchentag punkt de<\/p>\r\n<p class=\"p1\"><strong>I. Kontaktaufnahme<\/strong><\/p>\r\n<p class=\"p1\">Bei der Kontaktaufnahme mit uns (zum Beispiel per Kontaktformular, per E-Mail oder Brief) werden die Angaben des Nutzers zwecks Bearbeitung der Anfrage sowie f\u00fcr den Fall, dass Anschlussfragen entstehen, gespeichert. Es erfolgt keine Weitergabe dieser personenbezogenen Daten an Dritte.<\/p>\r\n<p class=\"p1\"><strong>II. Nutzung personenbezogener Daten<\/strong><\/p>\r\n<p class=\"p1\">Die Nutzung unserer Internetpr\u00e4senz ist grunds\u00e4tzlich ohne Angabe personenbezogener Daten m\u00f6glich.<\/p>\r\n<p class=\"p1\">Ist die Angabe, Speicherung und Nutzung von pers\u00f6nlichen Daten zur Nutzung angebotener Inhalte und Leistungen erforderlich, werden Sie hierauf gesondert hingewiesen und informiert. Ist die Verarbeitung personenbezogener Daten erforderlich und besteht f\u00fcr eine solche Verarbeitung keine gesetzliche Grundlage, holen wir generell eine Einwilligung der Personen ein.<\/p>\r\n<p class=\"p1\">Personenbezogene Daten werden nur im technisch notwendigen Umfang und ausschlie\u00dflich f\u00fcr die interne Verwendung der Kirchentagsbewegung sowie ihrer Zwecke erhoben und gespeichert.<\/p>\r\n<p class=\"p1\">Zum Schutz dieser Daten verpflichten wir uns, bei der Erhebung, Verarbeitung und Nutzung personenbezogener Daten die jeweils geltenden gesetzlichen Bestimmungen zum Datenschutz, insbesondere das Kirchengesetz \u00fcber den Datenschutz der Evangelischen Kirche in Deutschland (DSG-EKD 15. November 2017), die Datenschutzgrundverordnung (EU-DSGVO), das Bundesdatenschutzgesetz (BDSG-neu) und das Telemediengesetz (TMG) einzuhalten.<\/p>\r\n<p class=\"p1\">Ihnen steht die M\u00f6glichkeit frei, Ihre Einwilligung zu Speicherung und Nutzung Ihrer personenbezogenen Daten jederzeit abzu\u00e4ndern oder Daten vollst\u00e4ndig aus dem Datenbestand des Deutschen Evangelischen Kirchentages e.V., Magdeburger Str. 59, 36037 Fulda, l\u00f6schen zu lassen. Ferner berichtigen oder l\u00f6schen wir Ihre personenbezogenen Daten auf Wunsch oder Hinweis, soweit dem keine gesetzlichen Aufbewahrungspflichten entgegenstehen. Dabei bleibt die Rechtm\u00e4\u00dfigkeit der Verarbeitung Ihrer Daten bis zum Zeitpunkt des Widerrufs und der L\u00f6schung unber\u00fchrt.<\/p>\r\n<p class=\"p1\">Der Verein zur F\u00f6rderung des Deutschen Evangelischen Kirchentages e.V. erteilt jeder betroffenen Person jederzeit auf Anfrage Auskunft dar\u00fcber, welche personenbezogenen Daten \u00fcber die betroffene Person gespeichert sind.<\/p>\r\n<p class=\"p1\"><strong>III. Ausf\u00fchrliche Hinweise zu den durch den Kirchentag verarbeiteten Daten<\/strong><\/p>\r\n<p class=\"p1\">Rechtsgrundlagen:<\/p>\r\n<p class=\"p1\">Nachfolgend finden Sie eine Auflistung der m\u00f6glichen Rechtsgrundlagen zur Verarbeitung personenbezogener Daten nach EU-DSGVO.<\/p>\r\n<p class=\"p1\">Wird f\u00fcr die Verarbeitung Ihrer personenbezogenen Daten eine Einwilligung von Ihnen durch den Deutsche Evangelische Kirchentag eingeholt, greift Art. 6 Abs. I lit. a) EU-DSGVO als Rechtsgrundlage.<\/p>\r\n<p class=\"p1\">Werden Ihre personenbezogenen Daten verarbeitet, die zur Erf\u00fcllung eines Vertrages zwischen Ihnen und uns erforderlich ist, greift Art. 6 Abs. I lit. b) EU-DSGVO als Rechtsgrundlage.<\/p>\r\n<p class=\"p1\">Werden Ihre personenbezogenen Daten zur Erf\u00fcllung einer rechtlichen Verpflichtung verarbeitet, welcher der Deutsche Evangelische Kirchentag unterliegt, greift Art. 6 Abs. I lit. c) EU-DSGVO als Rechtsgrundlage.<\/p>\r\n<p class=\"p1\">Wird die Verarbeitung Ihrer personenbezogenen Daten zur Wahrung lebenswichtiger Interessen von Ihnen oder einer anderen nat\u00fcrlichen Person notwendig, greift Art. 6 Abs. I lit. d) EU-DSGVO als Rechtsgrundlage.<\/p>\r\n<p class=\"p1\">Wird die Verarbeitung Ihrer personenbezogenen Daten f\u00fcr die Wahrnehmung einer Aufgabe erforderlich, die im \u00f6ffentlichen Interesse liegt, greift Art. 6 Abs. I lit. e) EU-DSGVO als Rechtsgrundlage.<\/p>\r\n<p class=\"p1\">Werden Ihre personenbezogenen Daten zur Wahrung eines berechtigten Interesses des Deutschen Evangelischen Kirchentages oder eines Dritten erforderlich und \u00fcberwiegen Ihre Interessen, Grundrechte und Grundfreiheiten das erstgenannte Interesse nicht, greift Art. 6 Abs. I lit. f) EU-DSGVO als Rechtsgrundlage.<\/p>\r\n<p class=\"p1\">Empf\u00e4nger der Daten:<\/p>\r\n<p class=\"p1\">Empf\u00e4nger Ihrer Daten sind:<\/p>\r\n<p class=\"p1\">Der 37. Deutsche Evangelische Kirchentag Dortmund 2019 e.V., dessen Mitarbeiter*innen und Organisationsmitglieder die mit der Bearbeitung von Aufgaben im Rahmen des unten genannten Zwecks betraut sind.<\/p>\r\n<p class=\"p1\">Der Verein zur F\u00f6rderung des Deutschen Evangelischen Kirchentages e.V., dessen Mitarbeiter*innen und Organisationsmitglieder die mit der Bearbeitung von Aufgaben im Rahmen des unten genannten Zwecks betraut sind.<\/p>\r\n<p class=\"p1\">Auftragsverarbeiter:<\/p>\r\n<p class=\"p1\">F\u00fcr bestimmte Verarbeitungen setzt der Deutsche Evangelische Kirchentag Auftragsverarbeiter ein, um die Verarbeitung der Daten in bestimmten Prozessen zu erm\u00f6glichen. Auftragsverarbeiter liefern Software- und IT-L\u00f6sungen oder Dienstleistungen um dem Deutschen Evangelischen Kirchentag die Umsetzung bestimmter Prozesse zu erm\u00f6glichen, in denen personenbezogene Daten verarbeitet werden. Diese Auftragsverarbeiter sind:<\/p>\r\n<p class=\"p1\">HS \u2013 Hamburger Software GmbH &amp; Co. KG<br \/>\u00dcberseering 29<br \/>22297 Hamburg<\/p>\r\n<p class=\"p1\">Microsoft Corporation<br \/>1 Microsoft Way<br \/>Redmond, WA 98052, USA<\/p>\r\n<p class=\"p1\">eGenius\u00ae GmbH<br \/>Kommunikations- und Projektmanagement<br \/>Elbuferstr. 86a<br \/>21436 Marschacht<\/p>\r\n<p class=\"p1\">saltation GmbH &amp; Co. KG<br \/>Niederwall 43<br \/>33602 Bielefeld<\/p>\r\n<p class=\"p1\">Reformationsjubil\u00e4um 2017 e.V.<br \/>Fleischerstra\u00dfe 9<br \/>06886 Lutherstadt Wittenberg<\/p>\r\n<p class=\"p1\">DOREG mbH<br \/>Sunderweg 98<br \/>44147 Dortmund<\/p>\r\n<p class=\"p1\"><strong>Informationen zur Weitergabe:<\/strong><\/p>\r\n<p class=\"p1\">Der Kirchentag leitet Ihre pers\u00f6nlichen Daten, sofern f\u00fcr die Bearbeitung der Vorg\u00e4nge n\u00f6tig, an Dritte weiter. Dabei handelt es sich um Ehrenamtliche, Gremien und Organe des Kirchentages und der Kirchentagsbewegung, die direkt an der Durchf\u00fchrung, Vor- und Nachbereitung des Kirchentags beteiligt sind. Die Weiterleitung erfolgt nur, wenn diese Dritten Aufgaben zur Erf\u00fcllung des oben genannten Zwecks bearbeiten. Diese Dritten verpflichten sich zur Einhaltung der Datenschutzrichtlinien des Deutschen Evangelischen Kirchentages, sowie zur Verschwiegenheit<\/p>\r\n<p class=\"p1\"><strong>L\u00f6schfristen:<\/strong><\/p>\r\n<p class=\"p1\">Der Kirchentag ist eine Bewegung, die \u00fcber einen einzelnen Kirchentag (z.B. der 37. Deutsche Evangelische Kirchentag Dortmund 2019) hinausreicht und Menschen vernetzten m\u00f6chte. Dies bedeutet, dass Daten nicht regelm\u00e4\u00dfig gel\u00f6scht werden, sondern zur Pflege des Netzwerkes und pers\u00f6nlichen Ansprache genutzt werden. Davon unabh\u00e4ngig ist die Informationsbeschickung. Sie haben jederzeit die M\u00f6glichkeit eine L\u00f6schung Ihrer Daten zu beantragen, falls keine gesetzlichen Fristen der L\u00f6schung entgegenstehen.<\/p>\r\n<p class=\"p1\">Wenn Sie Fragen dazu haben, k\u00f6nnen Sie uns diese jederzeit gern stellen. Wenden Sie sich dazu an die angegebenen Kontaktadressen am Anfang dieser Datenschutzhinweise.<\/p>\r\n<p class=\"p1\"><strong>Betroffenenrechte:<\/strong><\/p>\r\n<p class=\"p1\">In Bezug auf Ihre Daten stehen Ihnen folgende Rechte zu: Sie k\u00f6nnen Auskunft, \u00c4nderung und L\u00f6schung Ihrer Daten fordern. Sie haben ein Recht auf Daten\u00fcbertragbarkeit. Sie k\u00f6nnen eine Einschr\u00e4nkung der Verarbeitung Ihrer Daten fordern oder der Verarbeitung widerrufen. Sie k\u00f6nnen eine unrechtm\u00e4\u00dfige Verarbeitung bei einer Aufsichtsbeh\u00f6rde melden. All diese Rechte sind unter Punkt V. detailliert ausgef\u00fchrt.<\/p>\r\n<p class=\"p1\"><strong>IV. entf\u00e4llt<\/strong><\/p>\r\n<p class=\"p1\"><strong>V. Ihre Rechte in Bezug auf die Datenverarbeitung<\/strong><\/p>\r\n<p class=\"p1\">Sie k\u00f6nnen Auskunft, \u00c4nderung und L\u00f6schung Ihrer Daten fordern<\/p>\r\n<p class=\"p1\">Gem\u00e4\u00df geltendem Recht k\u00f6nnen Sie jederzeit bei uns schriftlich nachfragen, ob und welche personenbezogenen Daten bei uns \u00fcber Sie gespeichert sind. Auch den Zweck der Speicherung Ihrer Daten k\u00f6nnen Sie erfragen. Wenn Sie uns personenbezogene Daten \u00fcberlassen haben, k\u00f6nnen Sie diese jederzeit wieder l\u00f6schen oder eine \u00c4nderung beantragen. Daten f\u00fcr Abrechnungs- und buchhalterische Zwecke sind von einer K\u00fcndigung beziehungsweise von einer L\u00f6schung nicht ber\u00fchrt. Wenden Sie sich bitte schriftlich an eine der unten angegebenen Kontaktadressen oder fordern Sie Ihre Rechte \u00fcber datenschutz@kirchentag.de ein.<\/p>\r\n<p class=\"p1\">Sie haben ein Recht auf Daten\u00fcbertragbarkeit<\/p>\r\n<p class=\"p1\">Im Rahmen einer Auskunft \u00fcber die von uns \u00fcber Sie gespeicherten personenbezogenen Daten haben Sie das Recht diese Auskunft in einem strukturierten, g\u00e4ngigen und maschinenlesbaren Format zu erhalten. Weiter haben Sie das Recht die \u00dcbertragung Ihrer Daten an Dritte in genanntem Format zu fordern.<\/p>\r\n<p class=\"p1\">Sie k\u00f6nnen eine Einschr\u00e4nkung der Verarbeitung Ihrer Daten fordern oder der Verarbeitung widerrufen<\/p>\r\n<p class=\"p1\">Sie haben das Recht, eine Einschr\u00e4nkung der Verarbeitung zu verlangen. Wird der Einschr\u00e4nkung stattgegeben (Voraussetzungen der Einschr\u00e4nkung ist die Erf\u00fcllung eines Kriteriums des Art. 18 EU-DSGVO) d\u00fcrfen Ihre personenbezogenen Daten nur mit ausdr\u00fccklicher Einwilligung Ihrerseits oder zur Geltendmachung, Aus\u00fcbung oder Verteidigung von Rechtsanspr\u00fcchen verarbeitet werden.<\/p>\r\n<p class=\"p1\">Sofern keine erforderlichen Gr\u00fcnde im Zusammenhang mit einer Gesch\u00e4ftsabwicklung bestehen, k\u00f6nnen Sie jederzeit die zuvor erteilte Genehmigung Ihrer pers\u00f6nlichen Datenspeicherung mit sofortiger Wirkung widerrufen. Im Falle eines Widerrufs entf\u00e4llt nicht die Rechtm\u00e4\u00dfigkeit der bis dahin vorgenommenen Verarbeitung Ihrer Daten. Die Einschr\u00e4nkung und der Widerruf haben schriftlich zu erfolgen. Wenden Sie sich daf\u00fcr an eine der unten angegebenen Kontaktadressen oder fordern Sie Ihre Rechte \u00fcber datenschutz@kirchentag.de ein.<\/p>\r\n<p class=\"p1\">Das k\u00f6nnen Sie im Falle einer unrechtm\u00e4\u00dfigen Verarbeitung tun<\/p>\r\n<p class=\"p1\">Wenn Sie einen mutma\u00dflichen Versto\u00df gegen geltendes Recht oder eine unrechtm\u00e4\u00dfige Verarbeitung Ihrer personenbezogenen Daten feststellen haben Sie das Recht eine Beschwerde bei einer Aufsichtsbeh\u00f6rde einzulegen. Die Aufsichtsbeh\u00f6rde wird Sie \u00fcber den Stand und das Ergebnis der Beschwerde informieren und bietet die M\u00f6glichkeit eines gerichtlichen Rechtsbehelfs.<\/p>\r\n<p class=\"p1\"><strong>VI. IP-Adresse und Webtracking<\/strong><\/p>\r\n<p class=\"p1\">Im Rahmen Ihres Besuches auf unserer Internetpr\u00e4senz werden die Informationen, die Ihr Browser \u00fcbermittelt, tempor\u00e4r auf unseren Servern (beziehungsweise bei unserem Webspace-Provider) gespeichert. Dabei werden in einer Datei die Ihnen von Ihrem Internet-Service-Provider (ISP) zugewiesene (1) IP-Adresse, (2) Datum und Dauer des Zugriffs, (3) \u00fcbertragene Datenmenge, unsere aufgerufene URL, (4) Meldung \u00fcber erfolgreichen Abruf, (5) Browsertyp, (6) Erkennungsdaten Ihres Browsers nebst (7) Version und Ihres Betriebssystems sowie die (8) URL, von der aus Sie uns besuchen (sog. Referrer URL), gespeichert.<\/p>\r\n<p class=\"p1\">Die Erhebung und Verarbeitung dieser Daten erfolgt nur f\u00fcr statistische Zwecke und zur Sicherstellung der Systemsicherheit sowie f\u00fcr die Optimierung des Angebotes. Die so erhaltenen IP-Adressen werden nur bei Anhaltspunkten f\u00fcr Angriffe auf unsere Netzinfrastruktur ausgewertet. \u00dcber diese Informationen hinausgehende personenbezogene Angaben, z. B. Name, Anschrift, Telefonnummer und E-Mail-Adresse werden nicht erhoben, es sei denn, diese werden uns von Ihnen freiwillig zur Verf\u00fcgung gestellt.<\/p>\r\n<p class=\"p1\"><strong>VII. Verwendung von Cookies<\/strong><\/p>\r\n<p class=\"p1\">Eine Nutzung unseres Angebots ist auch ohne Cookies m\u00f6glich. Auf unsere Internetpr\u00e4senz verwenden wir Cookies, um die Nutzung bestimmter Funktionen zu erm\u00f6glichen. Dabei werden sowohl sogenannte Session-Cookies (Sitzungs-Cookies) als auch Permanent-Cookies (dauerhafte Cookies) verwendet. Hierbei handelt es sich um kleine Textdateien, die auf Ihrem Rechner abgelegt werden.<\/p>\r\n<p class=\"p1\">Die Cookies sind nicht bestimmten Personen zuzuordnen und enthalten keine pers\u00f6nlichen Daten. Die Meisten der von uns verwendeten Cookies sind sogenannte \u201eSession-Cookies\u201c, die gel\u00f6scht werden, wenn sie Ihre Browsersitzung beenden. Die sog. Permanent-Cookies verbleiben auf Ihrem Computer mittels derer wir Sie bei Ihrem n\u00e4chsten Besuch auf unserer Internetpr\u00e4senz wiedererkennen, sie erm\u00f6glichen es uns den Nutzern unserer Internetseite nutzerfreundlichere Services bereitzustellen, die ohne die Cookie-setzung nicht m\u00f6glich w\u00e4ren. Cookies enthalten keine Viren und richten auf Ihrem Computer keinen Schaden an. Sofern Sie solche Cookies nicht auf Ihrem Computer abgespeichert haben m\u00f6chten, k\u00f6nnen Sie Ihren Browser so einstellen, dass entweder eine Speicherung nicht m\u00f6glich ist oder Sie vorher ausdr\u00fccklich Ihre Einwilligung erteilen m\u00fcssen. Ferner k\u00f6nnen bereits gesetzte Cookies jederzeit \u00fcber einen Internetbrowser oder andere Softwareprogramme gel\u00f6scht werden. Es wird jedoch darauf hingewiesen, dass der\/die Nutzer in diesem Fall gegebenenfalls nicht s\u00e4mtliche Funktionen dieser Internetpr\u00e4senz vollumf\u00e4nglich nutzen k\u00f6nnen.<\/p>\r\n<p class=\"p1\"><strong>VERWENDUNG VON BOOKMARK-FUNKTIONEN<\/strong><\/p>\r\n<p class=\"p1\">Es kann vorkommen, dass innerhalb dieses Onlineangebotes Inhalte Dritter, wie zum Beispiel Videos von Kartenmaterial von Google-Maps, YouTube, Vimeo, RSS-Feeds oder Grafiken von anderen Webseiten eingebunden werden. Dies setzt immer voraus, dass die Anbieter dieser Inhalte die IP-Adresse der Nutzer wahrnehmen. Denn ohne die IP-Adresse k\u00f6nnten sie die Inhalte nicht an den Browser des jeweiligen Nutzers senden. Die IP-Adresse ist damit f\u00fcr die Darstellung dieser Inhalte erforderlich. Wir bem\u00fchen uns nur solche Inhalte zu verwenden, deren jeweilige Anbieter die IP-Adresse lediglich zur Auslieferung der Inhalte verwenden. Jedoch haben wir keinen Einfluss darauf, falls die Dritt-Anbieter die IP-Adresse z.B. f\u00fcr statistische Zwecke speichern. Soweit dies uns bekannt ist, kl\u00e4ren wir die Nutzer dar\u00fcber auf.<\/p>\r\n<p class=\"p1\">Liste der Anbieter:<\/p>\r\n<p class=\"p1\">Google, Google lnc. 1600 Amphitheatre Parkway, Mountain View, CA 94043, USA<br \/>www.google.com\/intl\/de\/privacy\/<\/p>\r\n<p class=\"p1\">YouTube, YouTube LLC 901 Cherry Avenue San Bruno, CA 94066, USA<br \/>www.youtube.com\/t\/privacy_at_youtube<\/p>\r\n<p class=\"p1\">Vimeo, Vimeo LCC 555 West 18th Street, New York, New York 10011, USA<br \/>vimeo.com\/privacy<\/p>\r\n<h2 class=\"wp-block-heading\"><\/h2>","protected":false},"excerpt":{"rendered":"<p>Der Verein zur F\u00f6rderung des Deutschen Evangelischen Kirchentages e.V., Magdeburger Str. 59, 36037 Fulda, legt gro\u00dfen Wert auf den Datenschutz und m\u00f6chte kontinuierlich sicherstellen, dass Ihre Privatsph\u00e4re bei der Nutzung unserer Internetpr\u00e4senz sowie etwaiger Leistungen stets beachtet werden. Mit der Datenerhebung wird regelm\u00e4\u00dfig der jeweilige Durchf\u00fchrungsverein vor Ort des Kirchentages (z.Zt. der 37. Deutsche Evangelische [&hellip;]<\/p>\n","protected":false},"author":1,"featured_media":222,"parent":0,"menu_order":0,"comment_status":"closed","ping_status":"open","template":"","meta":{"_acf_changed":false,"footnotes":""},"acf":[],"_links":{"self":[{"href":"https:\/\/klimaangepasst.de\/en\/wp-json\/wp\/v2\/pages\/3"}],"collection":[{"href":"https:\/\/klimaangepasst.de\/en\/wp-json\/wp\/v2\/pages"}],"about":[{"href":"https:\/\/klimaangepasst.de\/en\/wp-json\/wp\/v2\/types\/page"}],"author":[{"embeddable":true,"href":"https:\/\/klimaangepasst.de\/en\/wp-json\/wp\/v2\/users\/1"}],"replies":[{"embeddable":true,"href":"https:\/\/klimaangepasst.de\/en\/wp-json\/wp\/v2\/comments?post=3"}],"version-history":[{"count":3,"href":"https:\/\/klimaangepasst.de\/en\/wp-json\/wp\/v2\/pages\/3\/revisions"}],"predecessor-version":[{"id":673,"href":"https:\/\/klimaangepasst.de\/en\/wp-json\/wp\/v2\/pages\/3\/revisions\/673"}],"wp:featuredmedia":[{"embeddable":true,"href":"https:\/\/klimaangepasst.de\/en\/wp-json\/wp\/v2\/media\/222"}],"wp:attachment":[{"href":"https:\/\/klimaangepasst.de\/en\/wp-json\/wp\/v2\/media?parent=3"}],"curies":[{"name":"wp","href":"https:\/\/api.w.org\/{rel}","templated":true}]}}