{"id":112,"date":"2019-11-28T14:04:39","date_gmt":"2019-11-28T13:04:39","guid":{"rendered":"https:\/\/klimaangepasst.de\/?page_id=112"},"modified":"2020-01-23T13:09:52","modified_gmt":"2020-01-23T12:09:52","slug":"impressum","status":"publish","type":"page","link":"https:\/\/klimaangepasst.de\/en\/impressum\/","title":{"rendered":"Imprint"},"content":{"rendered":"<p><\/p>\n<p class=\"p3\"><b>Verantwortlich im Sinne von \u00a7 5 TMG<\/b><br \/>\nVerein zur F\u00f6rderung des Deutschen Evangelischen Kirchentages e.V.<br \/>\nZentrales B\u00fcro<br \/>\nMagdeburger Str. 59<br \/>\n36037 Fulda<\/p>\n<p class=\"p3\"><b>Gesetzliche Vertretung durch den Vorstand:<\/b><br \/>\nHans Leyendecker<br \/>\nR\u00fcdiger Bechstein<br \/>\nKommunikationsdaten:<br \/>\nTelefon: +49 661 96950-0<br \/>\nTelefax: +49 661 96950-90<br \/>\nE-Mail: <span class=\"s1\">fulda@kirchentag.de<\/span><\/p>\n<p class=\"p3\"><b>Registereintrag:<\/b><br \/>\nVereinsregister<br \/>\nAmtsgericht Fulda<br \/>\nVR 449<\/p>\n<p class=\"p3\"><b>Umsatzsteuer-Identifikationsnummer gem. \u00a7 27 a UstG:<\/b><br \/>\nDE 292470914<\/p>\n<p class=\"p3\"><b>Verantwortlich f\u00fcr den Inhalt nach \u00a7 55 Abs. 2 RStV:<\/b><\/p>\n<p>Christof Hertel<\/p>\n<p class=\"p3\">c.\/o. 3. \u00d6kumenischer Kirchentag Frankfurt 2021 e. V.<br \/>\nDanziger Platz 12<br \/>\n60314 Frankfurt am Main<\/p>\n<p>E-Mail: umwelt<span class=\"s1\">@kirchentag.de<\/span><\/p>\n<p class=\"p4\"><b>Redaktion:<\/b><\/p>\n<p class=\"p4\">Hertel, Christof<\/p>\n<p class=\"p4\">H\u00f6lscher, Kathrin<\/p>\n<p class=\"p4\">Krenzer, Christoph<\/p>\n<p class=\"p4\">Lurweg, Jan<\/p>\n<p class=\"p4\"><b>Die Bilder stammen von den Fotograf*innen:<\/b><\/p>\n<p class=\"p4\">Heusen- Sadeq, Gera<\/p>\n<p class=\"p4\">H\u00f6lscher, Kathrin<\/p>\n<p class=\"p4\">H\u00f6lscher, Markus<\/p>\n<p class=\"p4\">Sadeq, Nidal<\/p>\n<p class=\"p3\"><b>Technische Umsetzung:<\/b><br \/>\n89tasten, Philip Wilson, Berlin<\/p>\n<h2 class=\"p3\"><b>Haftungsausschluss <\/b><\/h2>\n<p class=\"p7\"><b>Haftung f\u00fcr Inhalte<\/b><\/p>\n<p class=\"p4\">Die Inhalte unserer Seiten wurden mit gr\u00f6\u00dfter Sorgfalt erstellt. F\u00fcr Richtigkeit, Vollst\u00e4ndigkeit und Aktualit\u00e4t der Inhalte k\u00f6nnen wir jedoch keine Gew\u00e4hr \u00fcbernehmen. Als Diensteanbieter sind wir gem\u00e4\u00df \u00a7 7 Abs. 1 TMG f\u00fcr eigene Inhalte auf diesen Seiten verantwortlich, jedoch nach den \u00a7\u00a7 8 bis 10 TMG nicht verpflichtet, ggf. unaufgefordert \u00fcbermittelte oder gespeicherte fremde Informationen zu \u00fcberpr\u00fcfen. Verpflichtungen zur Entfernung oder Sperrung der Nutzung von Informationen bleiben hiervon unber\u00fchrt. Eine entsprechende Haftung ist jedoch erst ab dem Zeitpunkt der Kenntnis einer konkreten Rechtsverletzung m\u00f6glich. Wir werden dann diese Inhalte umgehend entfernen.<\/p>\n<p class=\"p7\"><b>Haftung f\u00fcr Links<\/b><\/p>\n<p class=\"p4\">Unser Angebot enth\u00e4lt auch Links zu externen Webseiten Dritter, auf deren Inhalte wir keinen Einfluss haben. Deshalb k\u00f6nnen wir f\u00fcr diese fremden Inhalte auch keine Gew\u00e4hr \u00fcbernehmen. F\u00fcr die Inhalte der verlinkten Seiten zeichnet stets der jeweilige Anbieter oder Betreiber der Seiten verantwortlich. Zum Zeitpunkt der Verlinkung wurden die verlinkten Seiten auf m\u00f6gliche Rechtsverst\u00f6\u00dfe \u00fcberpr\u00fcft; rechtswidrige Inhalte waren zu diesem Zeitpunkt nicht erkennbar. Eine st\u00e4ndige Inhaltskontrolle der verlinkten Seiten ist jedoch ohne konkrete Anhaltspunkte einer Rechtsverletzung nicht zumutbar. Bei Bekanntwerden von Rechtsverletzungen werden wir derartige Links umgehend entfernen.<\/p>\n<p class=\"p3\"><b>Urheberrecht <\/b><\/p>\n<p class=\"p3\">Alle nicht mit einem namentlichen Autor gekennzeichneten Texte auf klimaangepasst.de stehen unter einer <span class=\"s1\">Creative Commons Namensnennung International 4.0 Lizenz<\/span>. Lesen Sie eine <span class=\"s1\">einfache Zusammenfassung der Bedingungen, unter denen Sie diese Texte weiterverwenden d\u00fcrfen<\/span>. Urheber dieser Texte ist der Deutsche Evangelische Kirchentag.<\/p>\n<p class=\"p3\">F\u00fcr alle namentlich gekennzeichneten Texte (zum Beispiel journalistische Artikel) sowie nicht gesondert als frei nutzbar ausgewiesene Bilder gilt: Die Vervielf\u00e4ltigung, Bearbeitung, Verbreitung und jede Art der Verwertung au\u00dferhalb der Grenzen des deutschen Urheberrechtes bed\u00fcrfen der schriftlichen Zustimmung des jeweiligen Autors bzw. Erstellers. Downloads und Kopien dieser Inhalte sind nur f\u00fcr den privaten, nicht kommerziellen Gebrauch gestattet. Trotz aller Sorgfalt sind Urheberrechtsverletzungen generell nicht auszuschlie\u00dfen. Insofern bitten wir um entsprechende Hinweise, damit bei Bekanntwerden von Rechtsverletzungen derartige Inhalte umgehend entfernt werden k\u00f6nnen.<\/p>\n<p><\/p>","protected":false},"excerpt":{"rendered":"<p>Verantwortlich im Sinne von \u00a7 5 TMG Verein zur F\u00f6rderung des Deutschen Evangelischen Kirchentages e.V. Zentrales B\u00fcro Magdeburger Str. 59 36037 Fulda Gesetzliche Vertretung durch den Vorstand: Hans Leyendecker R\u00fcdiger Bechstein Kommunikationsdaten: Telefon: +49 661 96950-0 Telefax: +49 661 96950-90 E-Mail: fulda@kirchentag.de Registereintrag: Vereinsregister Amtsgericht Fulda VR 449 Umsatzsteuer-Identifikationsnummer gem. \u00a7 27 a UstG: DE [&hellip;]<\/p>\n","protected":false},"author":1,"featured_media":217,"parent":0,"menu_order":0,"comment_status":"closed","ping_status":"closed","template":"","meta":{"_acf_changed":false,"footnotes":""},"acf":[],"_links":{"self":[{"href":"https:\/\/klimaangepasst.de\/en\/wp-json\/wp\/v2\/pages\/112"}],"collection":[{"href":"https:\/\/klimaangepasst.de\/en\/wp-json\/wp\/v2\/pages"}],"about":[{"href":"https:\/\/klimaangepasst.de\/en\/wp-json\/wp\/v2\/types\/page"}],"author":[{"embeddable":true,"href":"https:\/\/klimaangepasst.de\/en\/wp-json\/wp\/v2\/users\/1"}],"replies":[{"embeddable":true,"href":"https:\/\/klimaangepasst.de\/en\/wp-json\/wp\/v2\/comments?post=112"}],"version-history":[{"count":7,"href":"https:\/\/klimaangepasst.de\/en\/wp-json\/wp\/v2\/pages\/112\/revisions"}],"predecessor-version":[{"id":767,"href":"https:\/\/klimaangepasst.de\/en\/wp-json\/wp\/v2\/pages\/112\/revisions\/767"}],"wp:featuredmedia":[{"embeddable":true,"href":"https:\/\/klimaangepasst.de\/en\/wp-json\/wp\/v2\/media\/217"}],"wp:attachment":[{"href":"https:\/\/klimaangepasst.de\/en\/wp-json\/wp\/v2\/media?parent=112"}],"curies":[{"name":"wp","href":"https:\/\/api.w.org\/{rel}","templated":true}]}}